{"id":264,"date":"2023-11-06T03:58:03","date_gmt":"2023-11-06T02:58:03","guid":{"rendered":"http:\/\/xoma.pe\/capi\/?page_id=264"},"modified":"2023-11-06T06:23:17","modified_gmt":"2023-11-06T05:23:17","slug":"tarifarios-importacion-lcl","status":"publish","type":"page","link":"https:\/\/xoma.pe\/capi\/index.php\/tarifarios-importacion-lcl\/","title":{"rendered":"Tarifarios Importaci\u00f3n LCL"},"content":{"rendered":"\t\t<div data-elementor-type=\"wp-page\" data-elementor-id=\"264\" class=\"elementor elementor-264\">\n\t\t\t\t\t\t\t\t\t<section class=\"elementor-section elementor-top-section elementor-element elementor-element-6a1edaa elementor-section-stretched elementor-section-boxed elementor-section-height-default elementor-section-height-default\" data-id=\"6a1edaa\" data-element_type=\"section\" data-settings=\"{&quot;stretch_section&quot;:&quot;section-stretched&quot;,&quot;background_background&quot;:&quot;classic&quot;}\">\n\t\t\t\t\t\t\t<div class=\"elementor-background-overlay\"><\/div>\n\t\t\t\t\t\t\t<div class=\"elementor-container elementor-column-gap-default\">\n\t\t\t\t\t<div class=\"elementor-column elementor-col-100 elementor-top-column elementor-element elementor-element-f83aef5\" data-id=\"f83aef5\" data-element_type=\"column\">\n\t\t\t<div class=\"elementor-widget-wrap elementor-element-populated\">\n\t\t\t\t\t\t\t\t\t<\/div>\n\t\t<\/div>\n\t\t\t\t\t\t\t<\/div>\n\t\t<\/section>\n\t\t\t\t<section class=\"elementor-section elementor-top-section elementor-element elementor-element-c9fdbd5 elementor-section-stretched elementor-section-boxed elementor-section-height-default elementor-section-height-default\" data-id=\"c9fdbd5\" data-element_type=\"section\" data-settings=\"{&quot;stretch_section&quot;:&quot;section-stretched&quot;}\">\n\t\t\t\t\t\t<div class=\"elementor-container elementor-column-gap-default\">\n\t\t\t\t\t<div class=\"elementor-column elementor-col-100 elementor-top-column elementor-element elementor-element-487d47d\" data-id=\"487d47d\" data-element_type=\"column\">\n\t\t\t<div class=\"elementor-widget-wrap elementor-element-populated\">\n\t\t\t\t\t\t\t\t<div class=\"elementor-element elementor-element-16ea63f elementor-widget elementor-widget-text-editor\" data-id=\"16ea63f\" data-element_type=\"widget\" data-widget_type=\"text-editor.default\">\n\t\t\t\t<div class=\"elementor-widget-container\">\n\t\t\t<style>\/*! elementor - v3.18.0 - 20-12-2023 *\/\n.elementor-widget-text-editor.elementor-drop-cap-view-stacked .elementor-drop-cap{background-color:#69727d;color:#fff}.elementor-widget-text-editor.elementor-drop-cap-view-framed .elementor-drop-cap{color:#69727d;border:3px solid;background-color:transparent}.elementor-widget-text-editor:not(.elementor-drop-cap-view-default) .elementor-drop-cap{margin-top:8px}.elementor-widget-text-editor:not(.elementor-drop-cap-view-default) .elementor-drop-cap-letter{width:1em;height:1em}.elementor-widget-text-editor .elementor-drop-cap{float:left;text-align:center;line-height:1;font-size:50px}.elementor-widget-text-editor .elementor-drop-cap-letter{display:inline-block}<\/style>\t\t\t\t<table border=\"1\" cellspacing=\"0\" cellpadding=\"0\"><tbody><tr><td colspan=\"4\">ASIA- CALLAO<\/td><\/tr><tr><td rowspan=\"3\">PA\u00cdS<\/td><td rowspan=\"3\">POL \/ NVOCC<\/td><td>Tarifa<\/td><td rowspan=\"3\">ATENCI\u00d3N<\/td><\/tr><tr><td>W\/M<\/td><\/tr><tr><td>HASTA 15CBM<\/td><\/tr><tr><td rowspan=\"16\">CHINA<\/td><td>Shanghai<\/td><td>$ 45.00<\/td><td>3 d\u00edas h\u00e1biles<\/td><\/tr><tr><td>Tianjin &#8211; Xingang<\/td><td>$ 45.00<\/td><td>3 d\u00edas h\u00e1biles<\/td><\/tr><tr><td>Shenzhen<\/td><td>$ 45.00<\/td><td>3 d\u00edas h\u00e1biles<\/td><\/tr><tr><td>Ningbo<\/td><td>$ 45.00<\/td><td>3 d\u00edas h\u00e1biles<\/td><\/tr><tr><td>Hong Kong<\/td><td>$ 45.00<\/td><td>3 d\u00edas h\u00e1biles<\/td><\/tr><tr><td>Qingdao<\/td><td>$ 45.00<\/td><td>3 d\u00edas h\u00e1biles<\/td><\/tr><tr><td>Guangzhou<\/td><td>$ 45.00<\/td><td>3 d\u00edas h\u00e1biles<\/td><\/tr><tr><td>Xiamen<\/td><td>$ 45.00<\/td><td>3 d\u00edas h\u00e1biles<\/td><\/tr><tr><td>Shunde<\/td><td>$ 45.00<\/td><td>3 d\u00edas h\u00e1biles<\/td><\/tr><tr><td>Shantou<\/td><td>$ 65.00<\/td><td>3 d\u00edas h\u00e1biles<\/td><\/tr><tr><td>Foshan<\/td><td>$ 65.00<\/td><td>3 d\u00edas h\u00e1biles<\/td><\/tr><tr><td>Jiangmen<\/td><td>$ 65.00<\/td><td>3 d\u00edas h\u00e1biles<\/td><\/tr><tr><td>Fuzhou<\/td><td>$ 65.00<\/td><td>3 d\u00edas h\u00e1biles<\/td><\/tr><tr><td>Chongqing<\/td><td>$115 &#8211; $180\/TON + $70\/BILL<\/td><td>3 d\u00edas h\u00e1biles<\/td><\/tr><tr><td>Zhongshan<\/td><td>$ 65.00<\/td><td>3 d\u00edas h\u00e1biles<\/td><\/tr><tr><td>Zhuhai<\/td><td>$ 65.00<\/td><td>3 d\u00edas h\u00e1biles<\/td><\/tr><tr><td rowspan=\"5\">AUSTRALIA<\/td><td>Fremantle<\/td><td>$ 160.00<\/td><td>3 d\u00edas h\u00e1biles<\/td><\/tr><tr><td>Sydney<\/td><td>$ 185.00<\/td><td>3 d\u00edas h\u00e1biles<\/td><\/tr><tr><td>Melbourne<\/td><td>$ 185.00<\/td><td>3 d\u00edas h\u00e1biles<\/td><\/tr><tr><td>Adelaide<\/td><td>\u00a0$ 160.00<\/td><td>3 d\u00edas h\u00e1biles<\/td><\/tr><tr><td>Brisbane<\/td><td>$ 185.00<\/td><td>3 d\u00edas h\u00e1biles<\/td><\/tr><tr><td>EAU<\/td><td>Dubai\/Jebel Ali<\/td><td>$ 185.00<\/td><td>3 d\u00edas h\u00e1biles<\/td><\/tr><tr><td rowspan=\"2\">FILIPINAS<\/td><td>Cebu<\/td><td>$ 90.00<\/td><td>3 d\u00edas h\u00e1biles<\/td><\/tr><tr><td>Manila<\/td><td>$ 90.00<\/td><td>3 d\u00edas h\u00e1biles<\/td><\/tr><tr><td rowspan=\"7\">INDIA<\/td><td>Bangalore<\/td><td>\u00a0$ 105.00<\/td><td>3 d\u00edas h\u00e1biles<\/td><\/tr><tr><td>Calcutta<\/td><td>$ 165.00<\/td><td>3 d\u00edas h\u00e1biles<\/td><\/tr><tr><td>Chennai (Madras)<\/td><td>$ 125.00<\/td><td>3 d\u00edas h\u00e1biles<\/td><\/tr><tr><td>Cochin<\/td><td>$ 125.00<\/td><td>3 d\u00edas h\u00e1biles<\/td><\/tr><tr><td>New Delhi<\/td><td>$ 125.00<\/td><td>3 d\u00edas h\u00e1biles<\/td><\/tr><tr><td>Nhava Sheva<\/td><td>$ 75.00<\/td><td>3 d\u00edas h\u00e1biles<\/td><\/tr><tr><td>Tuticorin<\/td><td>$ 160.00<\/td><td>3 d\u00edas h\u00e1biles<\/td><\/tr><tr><td rowspan=\"2\">INDONESIA<\/td><td>Surabaya<\/td><td>$ 120.00<\/td><td>3 d\u00edas h\u00e1biles<\/td><\/tr><tr><td>Jakarta<\/td><td>$ 90.00<\/td><td>3 d\u00edas h\u00e1biles<\/td><\/tr><tr><td rowspan=\"5\">JAPON<\/td><td>Kobe<\/td><td>$ 65.00<\/td><td>3 d\u00edas h\u00e1biles<\/td><\/tr><tr><td>Nagoya<\/td><td>$ 65.00<\/td><td>3 d\u00edas h\u00e1biles<\/td><\/tr><tr><td>Osaka<\/td><td>$ 65.00<\/td><td>3 d\u00edas h\u00e1biles<\/td><\/tr><tr><td>Tokyo<\/td><td>$ 65.00<\/td><td>3 d\u00edas h\u00e1biles<\/td><\/tr><tr><td>Yokohama<\/td><td>$ 65.00<\/td><td>3 d\u00edas h\u00e1biles<\/td><\/tr><tr><td>KOREA<\/td><td>Busan<\/td><td>$ 45.00<\/td><td>3 d\u00edas h\u00e1biles<\/td><\/tr><tr><td rowspan=\"2\">VIETNAM<\/td><td>Haiphong<\/td><td>$ 95.00<\/td><td>3 d\u00edas h\u00e1biles<\/td><\/tr><tr><td>Hochiminh<\/td><td>$ 95.00<\/td><td>3 d\u00edas h\u00e1biles<\/td><\/tr><tr><td>BLANGLADESH<\/td><td>Chittagong<\/td><td>\u00a0$ 95.00<\/td><td>3 d\u00edas h\u00e1biles<\/td><\/tr><tr><td>CAMBODIA<\/td><td>Sihanoukiville<\/td><td>$ 95.00<\/td><td>3 d\u00edas h\u00e1biles<\/td><\/tr><tr><td rowspan=\"3\">MALASIA<\/td><td>Penang<\/td><td>\u00a0$ 95.00<\/td><td>3 d\u00edas h\u00e1biles<\/td><\/tr><tr><td>Port Kelang<\/td><td>$ 75.00<\/td><td>3 d\u00edas h\u00e1biles<\/td><\/tr><tr><td>Pasir Gudang<\/td><td>$ 95.00<\/td><td>3 d\u00edas h\u00e1biles<\/td><\/tr><tr><td rowspan=\"2\">NUEVA ZELANDA<\/td><td>Wellington<\/td><td>$ 215.00<\/td><td>3 d\u00edas h\u00e1biles<\/td><\/tr><tr><td>Auckland<\/td><td>$ 160.00<\/td><td>3 d\u00edas h\u00e1biles<\/td><\/tr><tr><td>PAKISTAN<\/td><td>Karachi<\/td><td>$ 90.00<\/td><td>3 d\u00edas h\u00e1biles<\/td><\/tr><tr><td>SINGAPORE<\/td><td>Singapore<\/td><td>$ 95.00<\/td><td>3 d\u00edas h\u00e1biles<\/td><\/tr><tr><td rowspan=\"2\">SOUTH AFRICA<\/td><td>Durban<\/td><td>$ 105.00<\/td><td>3 d\u00edas h\u00e1biles<\/td><\/tr><tr><td>Johannesburg<\/td><td>$ 275.00<\/td><td>3 d\u00edas h\u00e1biles<\/td><\/tr><tr><td>SRI LANKA<\/td><td>Colombo<\/td><td>$ 105.00<\/td><td>3 d\u00edas h\u00e1biles<\/td><\/tr><tr><td rowspan=\"3\">TAIWAN<\/td><td>Kaohsiung<\/td><td>$ 65.00<\/td><td>3 d\u00edas h\u00e1biles<\/td><\/tr><tr><td>Taichung<\/td><td>$ 95.00<\/td><td>3 d\u00edas h\u00e1biles<\/td><\/tr><tr><td>Keelung<\/td><td>$ 65.00<\/td><td>3 d\u00edas h\u00e1biles<\/td><\/tr><tr><td>THAILANDIA<\/td><td>Bangkok<\/td><td>$ 95.00<\/td><td>3 d\u00edas h\u00e1biles<\/td><\/tr><\/tbody><\/table><table border=\"1\" cellspacing=\"0\" cellpadding=\"0\"><tbody><tr><td colspan=\"4\">EUROPA &#8211; CALLAO<\/td><\/tr><tr><td rowspan=\"3\">PA\u00cdS<\/td><td rowspan=\"3\">POL \/ NVOCC<\/td><td>Tarifa<\/td><td rowspan=\"3\">ATENCI\u00d3N<\/td><\/tr><tr><td>W\/M<\/td><\/tr><tr><td>HASTA 15CBM<\/td><\/tr><tr><td>ALEMANIA<\/td><td>Hamburgo<\/td><td>\u20ac 120.00<\/td><td>3 d\u00edas h\u00e1biles<\/td><\/tr><tr><td>BELGICA<\/td><td>Amberes<\/td><td>\u20ac 120.00<\/td><td>3 d\u00edas h\u00e1biles<\/td><\/tr><tr><td>EGIPTO<\/td><td>Alexandr\u00eda<\/td><td>$ 190.00<\/td><td>3 d\u00edas h\u00e1biles<\/td><\/tr><tr><td rowspan=\"10\">ESPA\u00d1A<\/td><td>Alicante<\/td><td>\u00a0\u20ac 170.00<\/td><td>3 d\u00edas h\u00e1biles<\/td><\/tr><tr><td>Barcelona<\/td><td>\u20ac 130.00<\/td><td>3 d\u00edas h\u00e1biles<\/td><\/tr><tr><td>Bilbao<\/td><td>\u20ac 180.00<\/td><td>3 d\u00edas h\u00e1biles<\/td><\/tr><tr><td>La Coru\u00f1a \/ Vigo<\/td><td>\u20ac 180.00<\/td><td>3 d\u00edas h\u00e1biles<\/td><\/tr><tr><td>Madrid<\/td><td>\u20ac 180.00<\/td><td>3 d\u00edas h\u00e1biles<\/td><\/tr><tr><td>Malaga<\/td><td>\u20ac 180.00<\/td><td>3 d\u00edas h\u00e1biles<\/td><\/tr><tr><td>Sevilla<\/td><td>\u20ac 180.00<\/td><td>3 d\u00edas h\u00e1biles<\/td><\/tr><tr><td>Tenerife (Las Palmas)<\/td><td>\u20ac 180.00<\/td><td>3 d\u00edas h\u00e1biles<\/td><\/tr><tr><td>Valencia<\/td><td>\u20ac 130.00<\/td><td>3 d\u00edas h\u00e1biles<\/td><\/tr><tr><td>Zaragoza<\/td><td>\u20ac 190.00<\/td><td>3 d\u00edas h\u00e1biles<\/td><\/tr><tr><td rowspan=\"2\">FRANCIA<\/td><td>Paris<\/td><td>\u20ac 160.00<\/td><td>3 d\u00edas h\u00e1biles<\/td><\/tr><tr><td>Le Havre<\/td><td>\u20ac 160.00<\/td><td>3 d\u00edas h\u00e1biles<\/td><\/tr><tr><td>INGLATERRA<\/td><td>London Gate<\/td><td>\u20ac 120.00<\/td><td>3 d\u00edas h\u00e1biles<\/td><\/tr><tr><td>ITALIA<\/td><td>Genova<\/td><td>\u20ac 120.00<\/td><td>3 d\u00edas h\u00e1biles<\/td><\/tr><tr><td>PAISES BAJOS \/ HOLANDA<\/td><td>Rotterdam<\/td><td>\u20ac 120.00<\/td><td>3 d\u00edas h\u00e1biles<\/td><\/tr><tr><td>PORTUGAL<\/td><td>Lisboa \/ Oporto<\/td><td>\u20ac 170.00<\/td><td>3 d\u00edas h\u00e1biles<\/td><\/tr><tr><td rowspan=\"3\">TURQUIA<\/td><td>Estambul<\/td><td>\u20ac 190.00<\/td><td>3 d\u00edas h\u00e1biles<\/td><\/tr><tr><td>Izmir<\/td><td>$ 190.00<\/td><td>3 d\u00edas h\u00e1biles<\/td><\/tr><tr><td>Mersin<\/td><td>$ 190.00<\/td><td>3 d\u00edas h\u00e1biles<\/td><\/tr><tr><td>FINLANDIA<\/td><td>Helsinki<\/td><td>\u20ac 175.00<\/td><td>3 d\u00edas h\u00e1biles<\/td><\/tr><tr><td>REP CHECA<\/td><td>Praga<\/td><td>\u20ac 195.00<\/td><td>3 d\u00edas h\u00e1biles<\/td><\/tr><\/tbody><\/table><table border=\"1\" cellspacing=\"0\" cellpadding=\"0\"><tbody><tr><td colspan=\"4\">AMERICA &#8211; CALLAO<\/td><\/tr><tr><td rowspan=\"3\">PA\u00cdS<\/td><td rowspan=\"3\">POL \/ NVOCC<\/td><td>1<\/td><td rowspan=\"3\">ATENCI\u00d3N<\/td><\/tr><tr><td>MSL<\/td><\/tr><tr><td>HASTA 15MT3<\/td><\/tr><tr><td>ARGENTINA<\/td><td>BUENOS AIRES<\/td><td>\u00a0$ 225.00<\/td><td>3 d\u00edas h\u00e1biles<\/td><\/tr><tr><td>URUGUAY<\/td><td>MONTEVIDEO<\/td><td>$ 325.00<\/td><td>3 d\u00edas h\u00e1biles<\/td><\/tr><tr><td>PARAGUAY<\/td><td>ASUNCION<\/td><td>$ 405.00<\/td><td>3 d\u00edas h\u00e1biles<\/td><\/tr><tr><td rowspan=\"3\">BRASIL<\/td><td>SANTOS<\/td><td>$ 145.00<\/td><td>3 d\u00edas h\u00e1biles<\/td><\/tr><tr><td>RIO DE JANEIRO<\/td><td>$ 155.00<\/td><td>3 d\u00edas h\u00e1biles<\/td><\/tr><tr><td>ITAJA\u00cd<\/td><td>$ 145.00<\/td><td>3 d\u00edas h\u00e1biles<\/td><\/tr><tr><td>CHILE<\/td><td>SAN ANTONIO<\/td><td>$ 155.00<\/td><td>3 d\u00edas h\u00e1biles<\/td><\/tr><tr><td>ECUADOR<\/td><td>GUAYAQUIL<\/td><td>USER: EL MINIMO ES USD 70 $ 70.00<\/td><td>3 d\u00edas h\u00e1biles<\/td><\/tr><tr><td rowspan=\"2\">COLOMBIA<\/td><td>BUENAVENTURA<\/td><td>$ 75.00<\/td><td>3 d\u00edas h\u00e1biles<\/td><\/tr><tr><td>CARTAGENA<\/td><td>$ 175.00<\/td><td>3 d\u00edas h\u00e1biles<\/td><\/tr><tr><td>PANAMA<\/td><td>MANZANILLO PA\/COLON<\/td><td>$ 75.00<\/td><td>3 d\u00edas h\u00e1biles<\/td><\/tr><tr><td rowspan=\"6\">ESTADOS UNIDOS<\/td><td>MIAMI<\/td><td>$ 95.00<\/td><td>3 d\u00edas h\u00e1biles<\/td><\/tr><tr><td>ATLANTA<\/td><td>$ 95.00<\/td><td>3 d\u00edas h\u00e1biles<\/td><\/tr><tr><td>HOUSTON<\/td><td>$ 190.00<\/td><td>3 d\u00edas h\u00e1biles<\/td><\/tr><tr><td>NEW YORK<\/td><td>$ 135.00<\/td><td>3 d\u00edas h\u00e1biles<\/td><\/tr><tr><td>CHICAGO<\/td><td>$ 170.00<\/td><td>3 d\u00edas h\u00e1biles<\/td><\/tr><tr><td>LOS ANGELES<\/td><td>$ 165.00<\/td><td>3 d\u00edas h\u00e1biles<\/td><\/tr><tr><td rowspan=\"3\">CANAD\u00c1<\/td><td>MONTREAL<\/td><td>$ 225.00<\/td><td>3 d\u00edas h\u00e1biles<\/td><\/tr><tr><td>TORONTO<\/td><td>$ 225.00<\/td><td>3 d\u00edas h\u00e1biles<\/td><\/tr><tr><td>VANCUVER<\/td><td>$ 285.00<\/td><td>3 d\u00edas h\u00e1biles<\/td><\/tr><tr><td>M\u00c9XICO<\/td><td>MANZANILLO MX<\/td><td>$ 65.00<\/td><td>3 d\u00edas h\u00e1biles<\/td><\/tr><\/tbody><\/table>\t\t\t\t\t\t<\/div>\n\t\t\t\t<\/div>\n\t\t\t\t\t<\/div>\n\t\t<\/div>\n\t\t\t\t\t\t\t<\/div>\n\t\t<\/section>\n\t\t\t\t\t\t\t<\/div>\n\t\t","protected":false},"excerpt":{"rendered":"<p>ASIA- CALLAO PA\u00cdS POL \/ NVOCC Tarifa ATENCI\u00d3N W\/M HASTA 15CBM CHINA Shanghai $ 45.00 3 d\u00edas h\u00e1biles Tianjin &#8211; Xingang $ 45.00 3 d\u00edas h\u00e1biles<span class=\"excerpt-hellip\"> [\u2026]<\/span><\/p>\n","protected":false},"author":1,"featured_media":0,"parent":0,"menu_order":0,"comment_status":"closed","ping_status":"closed","template":"","meta":{"footnotes":""},"_links":{"self":[{"href":"https:\/\/xoma.pe\/capi\/index.php\/wp-json\/wp\/v2\/pages\/264"}],"collection":[{"href":"https:\/\/xoma.pe\/capi\/index.php\/wp-json\/wp\/v2\/pages"}],"about":[{"href":"https:\/\/xoma.pe\/capi\/index.php\/wp-json\/wp\/v2\/types\/page"}],"author":[{"embeddable":true,"href":"https:\/\/xoma.pe\/capi\/index.php\/wp-json\/wp\/v2\/users\/1"}],"replies":[{"embeddable":true,"href":"https:\/\/xoma.pe\/capi\/index.php\/wp-json\/wp\/v2\/comments?post=264"}],"version-history":[{"count":7,"href":"https:\/\/xoma.pe\/capi\/index.php\/wp-json\/wp\/v2\/pages\/264\/revisions"}],"predecessor-version":[{"id":334,"href":"https:\/\/xoma.pe\/capi\/index.php\/wp-json\/wp\/v2\/pages\/264\/revisions\/334"}],"wp:attachment":[{"href":"https:\/\/xoma.pe\/capi\/index.php\/wp-json\/wp\/v2\/media?parent=264"}],"curies":[{"name":"wp","href":"https:\/\/api.w.org\/{rel}","templated":true}]}}