{"id":279,"date":"2023-11-06T04:05:18","date_gmt":"2023-11-06T03:05:18","guid":{"rendered":"http:\/\/xoma.pe\/capi\/?page_id=279"},"modified":"2023-11-06T06:18:39","modified_gmt":"2023-11-06T05:18:39","slug":"servicios-en-tierra","status":"publish","type":"page","link":"https:\/\/xoma.pe\/capi\/index.php\/servicios-en-tierra\/","title":{"rendered":"Servicios en Tierra"},"content":{"rendered":"\t\t<div data-elementor-type=\"wp-page\" data-elementor-id=\"279\" class=\"elementor elementor-279\">\n\t\t\t\t\t\t\t\t\t<section class=\"elementor-section elementor-top-section elementor-element elementor-element-6a1edaa elementor-section-stretched elementor-section-boxed elementor-section-height-default elementor-section-height-default\" data-id=\"6a1edaa\" data-element_type=\"section\" data-settings=\"{&quot;stretch_section&quot;:&quot;section-stretched&quot;,&quot;background_background&quot;:&quot;classic&quot;}\">\n\t\t\t\t\t\t\t<div class=\"elementor-background-overlay\"><\/div>\n\t\t\t\t\t\t\t<div class=\"elementor-container elementor-column-gap-default\">\n\t\t\t\t\t<div class=\"elementor-column elementor-col-100 elementor-top-column elementor-element elementor-element-f83aef5\" data-id=\"f83aef5\" data-element_type=\"column\">\n\t\t\t<div class=\"elementor-widget-wrap elementor-element-populated\">\n\t\t\t\t\t\t\t\t\t<\/div>\n\t\t<\/div>\n\t\t\t\t\t\t\t<\/div>\n\t\t<\/section>\n\t\t\t\t<section class=\"elementor-section elementor-top-section elementor-element elementor-element-c9fdbd5 elementor-section-stretched elementor-section-boxed elementor-section-height-default elementor-section-height-default\" data-id=\"c9fdbd5\" data-element_type=\"section\" data-settings=\"{&quot;stretch_section&quot;:&quot;section-stretched&quot;}\">\n\t\t\t\t\t\t<div class=\"elementor-container elementor-column-gap-default\">\n\t\t\t\t\t<div class=\"elementor-column elementor-col-100 elementor-top-column elementor-element elementor-element-487d47d\" data-id=\"487d47d\" data-element_type=\"column\">\n\t\t\t<div class=\"elementor-widget-wrap elementor-element-populated\">\n\t\t\t\t\t\t\t\t<div class=\"elementor-element elementor-element-9b372ff elementor-widget elementor-widget-text-editor\" data-id=\"9b372ff\" data-element_type=\"widget\" data-widget_type=\"text-editor.default\">\n\t\t\t\t<div class=\"elementor-widget-container\">\n\t\t\t<style>\/*! elementor - v3.18.0 - 20-12-2023 *\/\n.elementor-widget-text-editor.elementor-drop-cap-view-stacked .elementor-drop-cap{background-color:#69727d;color:#fff}.elementor-widget-text-editor.elementor-drop-cap-view-framed .elementor-drop-cap{color:#69727d;border:3px solid;background-color:transparent}.elementor-widget-text-editor:not(.elementor-drop-cap-view-default) .elementor-drop-cap{margin-top:8px}.elementor-widget-text-editor:not(.elementor-drop-cap-view-default) .elementor-drop-cap-letter{width:1em;height:1em}.elementor-widget-text-editor .elementor-drop-cap{float:left;text-align:center;line-height:1;font-size:50px}.elementor-widget-text-editor .elementor-drop-cap-letter{display:inline-block}<\/style>\t\t\t\t<table border=\"1\" cellspacing=\"0\" cellpadding=\"0\" data-cke-table-faked-selection-table=\"\"><tbody><tr><td class=\"cke_table-faked-selection\">IMPORTACI\u00d3N \/ EXPORTACI\u00d3N<\/td><td class=\"cke_table-faked-selection\">TIPO<\/td><td class=\"cke_table-faked-selection\">CONCEPTO<\/td><td class=\"cke_table-faked-selection\">PRECIO USD<\/td><td class=\"cke_table-faked-selection\">UNIDAD<\/td><td class=\"cke_table-faked-selection\">VIGENCIA<\/td><td class=\"cke_table-faked-selection\">ATENCI\u00d3N<\/td><\/tr><tr><td class=\"cke_table-faked-selection\">IMPO \/ EXPO<\/td><td class=\"cke_table-faked-selection\">LCL-MAR\u00cdTIMO<\/td><td class=\"cke_table-faked-selection\">ADUANA EN ORIGEN<\/td><td class=\"cke_table-faked-selection\">$ 200.00<\/td><td class=\"cke_table-faked-selection\">BL<\/td><td class=\"cke_table-faked-selection\">6\/30\/2023<\/td><td class=\"cke_table-faked-selection\">3 d\u00edas h\u00e1biles<\/td><\/tr><tr><td class=\"cke_table-faked-selection\">IMPO<\/td><td class=\"cke_table-faked-selection\">LCL-MAR\u00cdTIMO<\/td><td class=\"cke_table-faked-selection\">AES<\/td><td class=\"cke_table-faked-selection\">$ 75.00<\/td><td class=\"cke_table-faked-selection\">BL<\/td><td class=\"cke_table-faked-selection\">6\/30\/2023<\/td><td class=\"cke_table-faked-selection\">3 d\u00edas h\u00e1biles<\/td><\/tr><tr><td class=\"cke_table-faked-selection\">IMPO<\/td><td class=\"cke_table-faked-selection\">A\u00c9REO<\/td><td class=\"cke_table-faked-selection\">AIRPORT TRANSFER FEE<\/td><td class=\"cke_table-faked-selection\">$ 150.00<\/td><td class=\"cke_table-faked-selection\">HAWB<\/td><td class=\"cke_table-faked-selection\">6\/30\/2023<\/td><td class=\"cke_table-faked-selection\">3 d\u00edas h\u00e1biles<\/td><\/tr><tr><td class=\"cke_table-faked-selection\">IMPO<\/td><td class=\"cke_table-faked-selection\">A\u00c9REO<\/td><td class=\"cke_table-faked-selection\">AMS<\/td><td class=\"cke_table-faked-selection\">$ 90.00<\/td><td class=\"cke_table-faked-selection\">HAWB<\/td><td class=\"cke_table-faked-selection\">6\/30\/2023<\/td><td class=\"cke_table-faked-selection\">3 d\u00edas h\u00e1biles<\/td><\/tr><tr><td class=\"cke_table-faked-selection\">IMPO \/ EXPO<\/td><td class=\"cke_table-faked-selection\">A\u00c9REO<\/td><td class=\"cke_table-faked-selection\">AWB<\/td><td class=\"cke_table-faked-selection\">$ 150.00<\/td><td class=\"cke_table-faked-selection\">HAWB<\/td><td class=\"cke_table-faked-selection\">6\/30\/2023<\/td><td class=\"cke_table-faked-selection\">3 d\u00edas h\u00e1biles<\/td><\/tr><tr><td class=\"cke_table-faked-selection\">IMPO \/ EXPO<\/td><td class=\"cke_table-faked-selection\">LCL-MAR\u00cdTIMO<\/td><td class=\"cke_table-faked-selection\">CARGUIO<\/td><td class=\"cke_table-faked-selection\">$ 90.00<\/td><td class=\"cke_table-faked-selection\">BL<\/td><td class=\"cke_table-faked-selection\">6\/30\/2023<\/td><td class=\"cke_table-faked-selection\">3 d\u00edas h\u00e1biles<\/td><\/tr><tr><td class=\"cke_table-faked-selection\">IMPO \/ EXPO<\/td><td class=\"cke_table-faked-selection\">LCL-MAR\u00cdTIMO<\/td><td class=\"cke_table-faked-selection\">COMISION<\/td><td class=\"cke_table-faked-selection\">$ 150.00<\/td><td class=\"cke_table-faked-selection\">BL<\/td><td class=\"cke_table-faked-selection\">6\/30\/2023<\/td><td class=\"cke_table-faked-selection\">3 d\u00edas h\u00e1biles<\/td><\/tr><tr><td class=\"cke_table-faked-selection\">EXPO<\/td><td class=\"cke_table-faked-selection\">LCL-MAR\u00cdTIMO<\/td><td class=\"cke_table-faked-selection\">COSTO DE ALMACEN<\/td><td class=\"cke_table-faked-selection\">$ 180.00<\/td><td class=\"cke_table-faked-selection\">BL<\/td><td class=\"cke_table-faked-selection\">6\/30\/2023<\/td><td class=\"cke_table-faked-selection\">3 d\u00edas h\u00e1biles<\/td><\/tr><tr><td class=\"cke_table-faked-selection\">IMPO \/ EXPO<\/td><td class=\"cke_table-faked-selection\">LCL-MAR\u00cdTIMO<\/td><td class=\"cke_table-faked-selection\">COURIER<\/td><td class=\"cke_table-faked-selection\">$ 75.00<\/td><td class=\"cke_table-faked-selection\">BL<\/td><td class=\"cke_table-faked-selection\">6\/30\/2023<\/td><td class=\"cke_table-faked-selection\">3 d\u00edas h\u00e1biles<\/td><\/tr><tr><td class=\"cke_table-faked-selection\">IMPO<\/td><td class=\"cke_table-faked-selection\">A\u00c9REO<\/td><td class=\"cke_table-faked-selection\">CUSTOMS<\/td><td class=\"cke_table-faked-selection\">$ 160.00<\/td><td class=\"cke_table-faked-selection\">HAWB<\/td><td class=\"cke_table-faked-selection\">6\/30\/2023<\/td><td class=\"cke_table-faked-selection\">3 d\u00edas h\u00e1biles<\/td><\/tr><tr><td class=\"cke_table-faked-selection\">IMPO<\/td><td class=\"cke_table-faked-selection\">A\u00c9REO<\/td><td class=\"cke_table-faked-selection\">DENSITY ALERT<\/td><td class=\"cke_table-faked-selection\">$ 85.00<\/td><td class=\"cke_table-faked-selection\">HAWB<\/td><td class=\"cke_table-faked-selection\">6\/30\/2023<\/td><td class=\"cke_table-faked-selection\">3 d\u00edas h\u00e1biles<\/td><\/tr><tr><td class=\"cke_table-faked-selection\">IMPO \/ EXPO<\/td><td class=\"cke_table-faked-selection\">LCL-MAR\u00cdTIMO<\/td><td class=\"cke_table-faked-selection\">DESCONSOLIDACION<\/td><td class=\"cke_table-faked-selection\">$ 180.00<\/td><td class=\"cke_table-faked-selection\">BL<\/td><td class=\"cke_table-faked-selection\">6\/30\/2023<\/td><td class=\"cke_table-faked-selection\">3 d\u00edas h\u00e1biles<\/td><\/tr><tr><td class=\"cke_table-faked-selection\">IMPO<\/td><td class=\"cke_table-faked-selection\">A\u00c9REO<\/td><td class=\"cke_table-faked-selection\">DGD CHECK FEE<\/td><td class=\"cke_table-faked-selection\">$ 320.00<\/td><td class=\"cke_table-faked-selection\">HAWB<\/td><td class=\"cke_table-faked-selection\">6\/30\/2023<\/td><td class=\"cke_table-faked-selection\">3 d\u00edas h\u00e1biles<\/td><\/tr><tr><td class=\"cke_table-faked-selection\">IMPO<\/td><td class=\"cke_table-faked-selection\">LCL-MAR\u00cdTIMO<\/td><td class=\"cke_table-faked-selection\">DOC FEE<\/td><td class=\"cke_table-faked-selection\">$ 95.00<\/td><td class=\"cke_table-faked-selection\">BL<\/td><td class=\"cke_table-faked-selection\">6\/30\/2023<\/td><td class=\"cke_table-faked-selection\">3 d\u00edas h\u00e1biles<\/td><\/tr><tr><td class=\"cke_table-faked-selection\">IMPO<\/td><td class=\"cke_table-faked-selection\">A\u00c9REO<\/td><td class=\"cke_table-faked-selection\">DUE CARRIER<\/td><td class=\"cke_table-faked-selection\">$ 165.00<\/td><td class=\"cke_table-faked-selection\">HAWB<\/td><td class=\"cke_table-faked-selection\">6\/30\/2023<\/td><td class=\"cke_table-faked-selection\">3 d\u00edas h\u00e1biles<\/td><\/tr><tr><td class=\"cke_table-faked-selection\">IMPO \/ EXPO<\/td><td class=\"cke_table-faked-selection\">FCL-MAR\u00cdTIMO<\/td><td class=\"cke_table-faked-selection\">EMISION DE HBL<\/td><td class=\"cke_table-faked-selection\">$ 45.00<\/td><td class=\"cke_table-faked-selection\">BL<\/td><td class=\"cke_table-faked-selection\">6\/30\/2023<\/td><td class=\"cke_table-faked-selection\">3 d\u00edas h\u00e1biles<\/td><\/tr><tr><td class=\"cke_table-faked-selection\">IMPO \/ EXPO<\/td><td class=\"cke_table-faked-selection\">A\u00c9REO<\/td><td class=\"cke_table-faked-selection\">ETD<\/td><td class=\"cke_table-faked-selection\">$ 135.00<\/td><td class=\"cke_table-faked-selection\">HAWB<\/td><td class=\"cke_table-faked-selection\">6\/30\/2023<\/td><td class=\"cke_table-faked-selection\">3 d\u00edas h\u00e1biles<\/td><\/tr><tr><td class=\"cke_table-faked-selection\">IMPO \/ EXPO<\/td><td class=\"cke_table-faked-selection\">A\u00c9REO<\/td><td class=\"cke_table-faked-selection\">ETIQUETAS<\/td><td class=\"cke_table-faked-selection\">$ 25.00<\/td><td class=\"cke_table-faked-selection\">HAWB<\/td><td class=\"cke_table-faked-selection\">6\/30\/2023<\/td><td class=\"cke_table-faked-selection\">3 d\u00edas h\u00e1biles<\/td><\/tr><tr><td class=\"cke_table-faked-selection\">IMPO \/ EXPO<\/td><td class=\"cke_table-faked-selection\">A\u00c9REO<\/td><td class=\"cke_table-faked-selection\">EXPORT CUSTOM DECLARATION<\/td><td class=\"cke_table-faked-selection\">$ 200.00<\/td><td class=\"cke_table-faked-selection\">HAWB<\/td><td class=\"cke_table-faked-selection\">6\/30\/2023<\/td><td class=\"cke_table-faked-selection\">3 d\u00edas h\u00e1biles<\/td><\/tr><tr><td class=\"cke_table-faked-selection\">IMPO \/ EXPO<\/td><td class=\"cke_table-faked-selection\">FCL-MAR\u00cdTIMO<\/td><td class=\"cke_table-faked-selection\">FLETE MARITIMO<\/td><td class=\"cke_table-faked-selection\">$ 3,684.00<\/td><td class=\"cke_table-faked-selection\">BL<\/td><td class=\"cke_table-faked-selection\">6\/30\/2023<\/td><td class=\"cke_table-faked-selection\">3 d\u00edas h\u00e1biles<\/td><\/tr><tr><td class=\"cke_table-faked-selection\">IMPO \/ EXPO<\/td><td class=\"cke_table-faked-selection\">A\u00c9REO<\/td><td class=\"cke_table-faked-selection\">FOTOS EN ORIGEN<\/td><td class=\"cke_table-faked-selection\">$ 60.00<\/td><td class=\"cke_table-faked-selection\">HAWB<\/td><td class=\"cke_table-faked-selection\">6\/30\/2023<\/td><td class=\"cke_table-faked-selection\">3 d\u00edas h\u00e1biles<\/td><\/tr><tr><td class=\"cke_table-faked-selection\">IMPO \/ EXPO<\/td><td class=\"cke_table-faked-selection\">A\u00c9REO<\/td><td class=\"cke_table-faked-selection\">FUEL SURCHARGE<\/td><td class=\"cke_table-faked-selection\">$ 205.00<\/td><td class=\"cke_table-faked-selection\">HAWB<\/td><td class=\"cke_table-faked-selection\">6\/30\/2023<\/td><td class=\"cke_table-faked-selection\">3 d\u00edas h\u00e1biles<\/td><\/tr><tr><td class=\"cke_table-faked-selection\">IMPO<\/td><td class=\"cke_table-faked-selection\">FCL-MAR\u00cdTIMO<\/td><td class=\"cke_table-faked-selection\">GASTOS FOB<\/td><td class=\"cke_table-faked-selection\">$ 200.00<\/td><td class=\"cke_table-faked-selection\">BL<\/td><td class=\"cke_table-faked-selection\">6\/30\/2023<\/td><td class=\"cke_table-faked-selection\">3 d\u00edas h\u00e1biles<\/td><\/tr><tr><td class=\"cke_table-faked-selection\">IMPO \/ EXPO<\/td><td class=\"cke_table-faked-selection\">FCL-MAR\u00cdTIMO<\/td><td class=\"cke_table-faked-selection\">GASTOS OPERATIVOS<\/td><td class=\"cke_table-faked-selection\">\u00a0$ 50.00<\/td><td class=\"cke_table-faked-selection\">BL<\/td><td class=\"cke_table-faked-selection\">6\/30\/2023<\/td><td class=\"cke_table-faked-selection\">3 d\u00edas h\u00e1biles<\/td><\/tr><tr><td class=\"cke_table-faked-selection\">EXPO<\/td><td class=\"cke_table-faked-selection\">LCL-MAR\u00cdTIMO<\/td><td class=\"cke_table-faked-selection\">HANDLIN ORIGEN<\/td><td class=\"cke_table-faked-selection\">$ 80.00<\/td><td class=\"cke_table-faked-selection\">BL<\/td><td class=\"cke_table-faked-selection\">6\/30\/2023<\/td><td class=\"cke_table-faked-selection\">3 d\u00edas h\u00e1biles<\/td><\/tr><tr><td class=\"cke_table-faked-selection\">IMPO \/ EXPO<\/td><td class=\"cke_table-faked-selection\">A\u00c9REO<\/td><td class=\"cke_table-faked-selection\">HANDLING AEROLINEA<\/td><td class=\"cke_table-faked-selection\">$ 115.00<\/td><td class=\"cke_table-faked-selection\">HAWB<\/td><td class=\"cke_table-faked-selection\">6\/30\/2023<\/td><td class=\"cke_table-faked-selection\">3 d\u00edas h\u00e1biles<\/td><\/tr><tr><td class=\"cke_table-faked-selection\">IMPO<\/td><td class=\"cke_table-faked-selection\">A\u00c9REO<\/td><td class=\"cke_table-faked-selection\">HANDLING AGENT<\/td><td class=\"cke_table-faked-selection\">$ 150.00<\/td><td class=\"cke_table-faked-selection\">HAWB<\/td><td class=\"cke_table-faked-selection\">6\/30\/2023<\/td><td class=\"cke_table-faked-selection\">3 d\u00edas h\u00e1biles<\/td><\/tr><tr><td class=\"cke_table-faked-selection\">IMPO<\/td><td class=\"cke_table-faked-selection\">LCL-MAR\u00cdTIMO<\/td><td class=\"cke_table-faked-selection\">HANDLING DESTINO<\/td><td class=\"cke_table-faked-selection\">$ 35.00<\/td><td class=\"cke_table-faked-selection\">BL<\/td><td class=\"cke_table-faked-selection\">6\/30\/2023<\/td><td class=\"cke_table-faked-selection\">3 d\u00edas h\u00e1biles<\/td><\/tr><tr><td class=\"cke_table-faked-selection\">EXPO<\/td><td class=\"cke_table-faked-selection\">A\u00c9REO<\/td><td class=\"cke_table-faked-selection\">INSPECCION BOE<\/td><td class=\"cke_table-faked-selection\">$ 40.00<\/td><td class=\"cke_table-faked-selection\">HAWB<\/td><td class=\"cke_table-faked-selection\">6\/30\/2023<\/td><td class=\"cke_table-faked-selection\">3 d\u00edas h\u00e1biles<\/td><\/tr><tr><td class=\"cke_table-faked-selection\">EXPO<\/td><td class=\"cke_table-faked-selection\">LCL-MAR\u00cdTIMO<\/td><td class=\"cke_table-faked-selection\">INSPECCION DE ADUANAS<\/td><td class=\"cke_table-faked-selection\">$ 150.00<\/td><td class=\"cke_table-faked-selection\">BL<\/td><td class=\"cke_table-faked-selection\">6\/30\/2023<\/td><td class=\"cke_table-faked-selection\">3 d\u00edas h\u00e1biles<\/td><\/tr><tr><td class=\"cke_table-faked-selection\">EXPO<\/td><td class=\"cke_table-faked-selection\">A\u00c9REO<\/td><td class=\"cke_table-faked-selection\">INSPECCION DE ADUANAS<\/td><td class=\"cke_table-faked-selection\">$ 150.00<\/td><td class=\"cke_table-faked-selection\">HAWB<\/td><td class=\"cke_table-faked-selection\">6\/30\/2023<\/td><td class=\"cke_table-faked-selection\">3 d\u00edas h\u00e1biles<\/td><\/tr><tr><td class=\"cke_table-faked-selection\">EXPO<\/td><td class=\"cke_table-faked-selection\">A\u00c9REO<\/td><td class=\"cke_table-faked-selection\">INSPECCION DIRANDRO<\/td><td class=\"cke_table-faked-selection\">\u00a0$ 50.00<\/td><td class=\"cke_table-faked-selection\">HAWB<\/td><td class=\"cke_table-faked-selection\">6\/30\/2023<\/td><td class=\"cke_table-faked-selection\">3 d\u00edas h\u00e1biles<\/td><\/tr><tr><td class=\"cke_table-faked-selection\">IMPO \/ EXPO<\/td><td class=\"cke_table-faked-selection\">LCL-MAR\u00cdTIMO<\/td><td class=\"cke_table-faked-selection\">MANEJO DOCUMENTARIO Y ENDOSE<\/td><td class=\"cke_table-faked-selection\">$ 25.00<\/td><td class=\"cke_table-faked-selection\">BL<\/td><td class=\"cke_table-faked-selection\">6\/30\/2023<\/td><td class=\"cke_table-faked-selection\">3 d\u00edas h\u00e1biles<\/td><\/tr><tr><td class=\"cke_table-faked-selection\">IMPO \/ EXPO<\/td><td class=\"cke_table-faked-selection\">A\u00c9REO<\/td><td class=\"cke_table-faked-selection\">PESAJE DE CARGA<\/td><td class=\"cke_table-faked-selection\">$ 15.00<\/td><td class=\"cke_table-faked-selection\">HAWB<\/td><td class=\"cke_table-faked-selection\">6\/30\/2023<\/td><td class=\"cke_table-faked-selection\">3 d\u00edas h\u00e1biles<\/td><\/tr><tr><td class=\"cke_table-faked-selection\">IMPO \/ EXPO<\/td><td class=\"cke_table-faked-selection\">FCL-MAR\u00cdTIMO<\/td><td class=\"cke_table-faked-selection\">PRECINTO<\/td><td class=\"cke_table-faked-selection\">$ 10.00<\/td><td class=\"cke_table-faked-selection\">BL<\/td><td class=\"cke_table-faked-selection\">6\/30\/2023<\/td><td class=\"cke_table-faked-selection\">3 d\u00edas h\u00e1biles<\/td><\/tr><tr><td class=\"cke_table-faked-selection\">IMPO \/ EXPO<\/td><td class=\"cke_table-faked-selection\">FCL-MAR\u00cdTIMO<\/td><td class=\"cke_table-faked-selection\">RECTIFICACION DE HBL<\/td><td class=\"cke_table-faked-selection\">$ 70.00<\/td><td class=\"cke_table-faked-selection\">BL<\/td><td class=\"cke_table-faked-selection\">6\/30\/2023<\/td><td class=\"cke_table-faked-selection\">3 d\u00edas h\u00e1biles<\/td><\/tr><tr><td class=\"cke_table-faked-selection\">EXPO<\/td><td class=\"cke_table-faked-selection\">FCL-MAR\u00cdTIMO<\/td><td class=\"cke_table-faked-selection\">ROLEO O CANCELACION DE RESERVA<\/td><td class=\"cke_table-faked-selection\">$ 50.00<\/td><td class=\"cke_table-faked-selection\">BL<\/td><td class=\"cke_table-faked-selection\">6\/30\/2023<\/td><td class=\"cke_table-faked-selection\">3 d\u00edas h\u00e1biles<\/td><\/tr><tr><td class=\"cke_table-faked-selection\">IMPO \/ EXPO<\/td><td class=\"cke_table-faked-selection\">A\u00c9REO<\/td><td class=\"cke_table-faked-selection\">RX MANUAL<\/td><td class=\"cke_table-faked-selection\">$ 50.00<\/td><td class=\"cke_table-faked-selection\">HAWB<\/td><td class=\"cke_table-faked-selection\">6\/30\/2023<\/td><td class=\"cke_table-faked-selection\">3 d\u00edas h\u00e1biles<\/td><\/tr><tr><td class=\"cke_table-faked-selection\">IMPO<\/td><td class=\"cke_table-faked-selection\">A\u00c9REO<\/td><td class=\"cke_table-faked-selection\">SCREENING<\/td><td class=\"cke_table-faked-selection\">$ 190.00<\/td><td class=\"cke_table-faked-selection\">HAWB<\/td><td class=\"cke_table-faked-selection\">6\/30\/2023<\/td><td class=\"cke_table-faked-selection\">3 d\u00edas h\u00e1biles<\/td><\/tr><tr><td class=\"cke_table-faked-selection\">IMPO<\/td><td class=\"cke_table-faked-selection\">A\u00c9REO<\/td><td class=\"cke_table-faked-selection\">SED<\/td><td class=\"cke_table-faked-selection\">$ 45.00<\/td><td class=\"cke_table-faked-selection\">HAWB<\/td><td class=\"cke_table-faked-selection\">6\/30\/2023<\/td><td class=\"cke_table-faked-selection\">3 d\u00edas h\u00e1biles<\/td><\/tr><tr><td class=\"cke_table-faked-selection\">IMPO<\/td><td class=\"cke_table-faked-selection\">LCL-MAR\u00cdTIMO<\/td><td class=\"cke_table-faked-selection\">SOLAS<\/td><td class=\"cke_table-faked-selection\">$ 25.00<\/td><td class=\"cke_table-faked-selection\">BL<\/td><td class=\"cke_table-faked-selection\">6\/30\/2023<\/td><td class=\"cke_table-faked-selection\">3 d\u00edas h\u00e1biles<\/td><\/tr><tr><td class=\"cke_table-faked-selection\">IMPO<\/td><td class=\"cke_table-faked-selection\">A\u00c9REO<\/td><td class=\"cke_table-faked-selection\">STORAGE<\/td><td class=\"cke_table-faked-selection\">$ 90.00<\/td><td class=\"cke_table-faked-selection\">HAWB<\/td><td class=\"cke_table-faked-selection\">6\/30\/2023<\/td><td class=\"cke_table-faked-selection\">3 d\u00edas h\u00e1biles<\/td><\/tr><tr><td class=\"cke_table-faked-selection\">IMPO \/ EXPO<\/td><td class=\"cke_table-faked-selection\">A\u00c9REO<\/td><td class=\"cke_table-faked-selection\">TARIFA AEREA<\/td><td class=\"cke_table-faked-selection\">$ 2.65<\/td><td class=\"cke_table-faked-selection\">HAWB<\/td><td class=\"cke_table-faked-selection\">6\/30\/2023<\/td><td class=\"cke_table-faked-selection\">3 d\u00edas h\u00e1biles<\/td><\/tr><tr><td class=\"cke_table-faked-selection\">IMPO<\/td><td class=\"cke_table-faked-selection\">LCL-MAR\u00cdTIMO<\/td><td class=\"cke_table-faked-selection\">TDI<\/td><td class=\"cke_table-faked-selection\">$ 150.00<\/td><td class=\"cke_table-faked-selection\">BL<\/td><td class=\"cke_table-faked-selection\">6\/30\/2023<\/td><td class=\"cke_table-faked-selection\">3 d\u00edas h\u00e1biles<\/td><\/tr><tr><td class=\"cke_table-faked-selection\">IMPO<\/td><td class=\"cke_table-faked-selection\">A\u00c9REO<\/td><td class=\"cke_table-faked-selection\">TERMINAL<\/td><td class=\"cke_table-faked-selection\">$ 180.00<\/td><td class=\"cke_table-faked-selection\">HAWB<\/td><td class=\"cke_table-faked-selection\">6\/30\/2023<\/td><td class=\"cke_table-faked-selection\">3 d\u00edas h\u00e1biles<\/td><\/tr><tr><td class=\"cke_table-faked-selection\">IMPO<\/td><td class=\"cke_table-faked-selection\">LCL-MAR\u00cdTIMO<\/td><td class=\"cke_table-faked-selection\">THC<\/td><td class=\"cke_table-faked-selection\">$ 35.00<\/td><td class=\"cke_table-faked-selection\">BL<\/td><td class=\"cke_table-faked-selection\">6\/30\/2023<\/td><td class=\"cke_table-faked-selection\">3 d\u00edas h\u00e1biles<\/td><\/tr><tr><td class=\"cke_table-faked-selection\">IMPO \/ EXPO<\/td><td class=\"cke_table-faked-selection\">A\u00c9REO<\/td><td class=\"cke_table-faked-selection\">TRANSMISION<\/td><td class=\"cke_table-faked-selection\">$ 130.00<\/td><td class=\"cke_table-faked-selection\">HAWB<\/td><td class=\"cke_table-faked-selection\">6\/30\/2023<\/td><td class=\"cke_table-faked-selection\">3 d\u00edas h\u00e1biles<\/td><\/tr><tr><td class=\"cke_table-faked-selection\">IMPO \/ EXPO<\/td><td class=\"cke_table-faked-selection\">LCL-MAR\u00cdTIMO<\/td><td class=\"cke_table-faked-selection\">TRANSMISION ELECTRONICA<\/td><td class=\"cke_table-faked-selection\">$ 50.00<\/td><td class=\"cke_table-faked-selection\">BL<\/td><td class=\"cke_table-faked-selection\">6\/30\/2023<\/td><td class=\"cke_table-faked-selection\">3 d\u00edas h\u00e1biles<\/td><\/tr><tr><td class=\"cke_table-faked-selection\">IMPO<\/td><td class=\"cke_table-faked-selection\">LCL-MAR\u00cdTIMO<\/td><td class=\"cke_table-faked-selection\">VGM<\/td><td class=\"cke_table-faked-selection\">$ 35.00<\/td><td class=\"cke_table-faked-selection\">BL<\/td><td class=\"cke_table-faked-selection\">6\/30\/2023<\/td><td class=\"cke_table-faked-selection\">3 d\u00edas h\u00e1biles<\/td><\/tr><tr><td class=\"cke_table-faked-selection\">IMPO \/ EXPO<\/td><td class=\"cke_table-faked-selection\">FCL-MAR\u00cdTIMO<\/td><td class=\"cke_table-faked-selection\">VGM FCL<\/td><td class=\"cke_table-faked-selection\">\u00a0$ 25.00<\/td><td class=\"cke_table-faked-selection\">BL<\/td><td class=\"cke_table-faked-selection\">6\/30\/2023<\/td><td class=\"cke_table-faked-selection\">3 d\u00edas h\u00e1biles<\/td><\/tr><tr><td class=\"cke_table-faked-selection\">IMPO \/ EXPO<\/td><td class=\"cke_table-faked-selection\">LCL-MAR\u00cdTIMO<\/td><td class=\"cke_table-faked-selection\">VISTO BUENO<\/td><td class=\"cke_table-faked-selection\">\u00a0285.00<\/td><td class=\"cke_table-faked-selection\">BL<\/td><td class=\"cke_table-faked-selection\">6\/30\/2023<\/td><td class=\"cke_table-faked-selection\">3 d\u00edas h\u00e1biles<\/td><\/tr><tr><td class=\"cke_table-faked-selection\">IMPO \/ EXPO<\/td><td class=\"cke_table-faked-selection\">A\u00c9REO<\/td><td class=\"cke_table-faked-selection\">X RAY<\/td><td class=\"cke_table-faked-selection\">$ 190.00<\/td><td class=\"cke_table-faked-selection\">HAWB<\/td><td class=\"cke_table-faked-selection\">6\/30\/2023<\/td><td class=\"cke_table-faked-selection\">3 d\u00edas h\u00e1biles<\/td><\/tr><\/tbody><\/table>\t\t\t\t\t\t<\/div>\n\t\t\t\t<\/div>\n\t\t\t\t\t<\/div>\n\t\t<\/div>\n\t\t\t\t\t\t\t<\/div>\n\t\t<\/section>\n\t\t\t\t\t\t\t<\/div>\n\t\t","protected":false},"excerpt":{"rendered":"<p>IMPORTACI\u00d3N \/ EXPORTACI\u00d3N TIPO CONCEPTO PRECIO USD UNIDAD VIGENCIA ATENCI\u00d3N IMPO \/ EXPO LCL-MAR\u00cdTIMO ADUANA EN ORIGEN $ 200.00 BL 6\/30\/2023 3 d\u00edas h\u00e1biles IMPO LCL-MAR\u00cdTIMO<span class=\"excerpt-hellip\"> [\u2026]<\/span><\/p>\n","protected":false},"author":1,"featured_media":0,"parent":0,"menu_order":0,"comment_status":"closed","ping_status":"closed","template":"","meta":{"footnotes":""},"_links":{"self":[{"href":"https:\/\/xoma.pe\/capi\/index.php\/wp-json\/wp\/v2\/pages\/279"}],"collection":[{"href":"https:\/\/xoma.pe\/capi\/index.php\/wp-json\/wp\/v2\/pages"}],"about":[{"href":"https:\/\/xoma.pe\/capi\/index.php\/wp-json\/wp\/v2\/types\/page"}],"author":[{"embeddable":true,"href":"https:\/\/xoma.pe\/capi\/index.php\/wp-json\/wp\/v2\/users\/1"}],"replies":[{"embeddable":true,"href":"https:\/\/xoma.pe\/capi\/index.php\/wp-json\/wp\/v2\/comments?post=279"}],"version-history":[{"count":10,"href":"https:\/\/xoma.pe\/capi\/index.php\/wp-json\/wp\/v2\/pages\/279\/revisions"}],"predecessor-version":[{"id":316,"href":"https:\/\/xoma.pe\/capi\/index.php\/wp-json\/wp\/v2\/pages\/279\/revisions\/316"}],"wp:attachment":[{"href":"https:\/\/xoma.pe\/capi\/index.php\/wp-json\/wp\/v2\/media?parent=279"}],"curies":[{"name":"wp","href":"https:\/\/api.w.org\/{rel}","templated":true}]}}